{"id":6445,"date":"2025-04-11T08:24:09","date_gmt":"2025-04-11T06:24:09","guid":{"rendered":"https:\/\/demo.inoplugs.com\/law-firm\/my-team\/"},"modified":"2025-12-26T15:55:14","modified_gmt":"2025-12-26T14:55:14","slug":"my-team","status":"publish","type":"page","link":"https:\/\/demo.inoplugs.com\/en\/law-firm\/my-team\/","title":{"rendered":"My team"},"content":{"rendered":"\t\t<div data-elementor-type=\"wp-page\" data-elementor-id=\"6445\" class=\"elementor elementor-6445 elementor-2431\" data-elementor-post-type=\"page\">\n\t\t\t\t\t\t<section class=\"elementor-section elementor-top-section elementor-element elementor-element-0b510fb elementor-section-height-min-height elementor-section-items-bottom elementor-section-boxed elementor-section-height-default\" data-id=\"0b510fb\" data-element_type=\"section\" data-settings=\"{&quot;background_background&quot;:&quot;classic&quot;}\">\n\t\t\t\t\t\t\t<div class=\"elementor-background-overlay\"><\/div>\n\t\t\t\t\t\t\t<div class=\"elementor-container elementor-column-gap-no\">\n\t\t\t\t\t<div class=\"elementor-column elementor-col-100 elementor-top-column elementor-element elementor-element-04c570e\" data-id=\"04c570e\" data-element_type=\"column\">\n\t\t\t<div class=\"elementor-widget-wrap elementor-element-populated\">\n\t\t\t\t\t\t<div class=\"elementor-element elementor-element-01e210f elementor-widget elementor-widget-heading\" data-id=\"01e210f\" data-element_type=\"widget\" data-widget_type=\"heading.default\">\n\t\t\t\t<div class=\"elementor-widget-container\">\n\t\t\t\t\t<h1 class=\"elementor-heading-title elementor-size-default\">My team<\/h1>\t\t\t\t<\/div>\n\t\t\t\t<\/div>\n\t\t\t\t<div class=\"elementor-element elementor-element-9918c5c elementor-widget elementor-widget-heading\" data-id=\"9918c5c\" data-element_type=\"widget\" data-widget_type=\"heading.default\">\n\t\t\t\t<div class=\"elementor-widget-container\">\n\t\t\t\t\t<div class=\"elementor-heading-title elementor-size-default\">Because success is a team sport.<\/div>\t\t\t\t<\/div>\n\t\t\t\t<\/div>\n\t\t\t\t\t<\/div>\n\t\t<\/div>\n\t\t\t\t\t<\/div>\n\t\t<\/section>\n\t\t\t\t<section class=\"elementor-section elementor-top-section elementor-element elementor-element-efc395c elementor-section-boxed elementor-section-height-default elementor-section-height-default\" data-id=\"efc395c\" data-element_type=\"section\" data-settings=\"{&quot;background_background&quot;:&quot;classic&quot;}\">\n\t\t\t\t\t\t<div class=\"elementor-container elementor-column-gap-no\">\n\t\t\t\t\t<div class=\"elementor-column elementor-col-100 elementor-top-column elementor-element elementor-element-bddb538\" data-id=\"bddb538\" data-element_type=\"column\">\n\t\t\t<div class=\"elementor-widget-wrap elementor-element-populated\">\n\t\t\t\t\t\t<div class=\"elementor-element elementor-element-6126f86 elementor-widget elementor-widget-heading\" data-id=\"6126f86\" data-element_type=\"widget\" data-widget_type=\"heading.default\">\n\t\t\t\t<div class=\"elementor-widget-container\">\n\t\t\t\t\t<h2 class=\"elementor-heading-title elementor-size-default\">My team<span><\/span><\/h2>\t\t\t\t<\/div>\n\t\t\t\t<\/div>\n\t\t\t\t<section class=\"elementor-section elementor-inner-section elementor-element elementor-element-ed6dafe elementor-section-boxed elementor-section-height-default elementor-section-height-default\" data-id=\"ed6dafe\" data-element_type=\"section\">\n\t\t\t\t\t\t<div class=\"elementor-container elementor-column-gap-no\">\n\t\t\t\t\t<div class=\"elementor-column elementor-col-50 elementor-inner-column elementor-element elementor-element-a1caf66\" data-id=\"a1caf66\" data-element_type=\"column\">\n\t\t\t<div class=\"elementor-widget-wrap elementor-element-populated\">\n\t\t\t\t\t\t<div class=\"elementor-element elementor-element-9323d7b elementor-position-top elementor-widget elementor-widget-image-box\" data-id=\"9323d7b\" data-element_type=\"widget\" data-widget_type=\"image-box.default\">\n\t\t\t\t<div class=\"elementor-widget-container\">\n\t\t\t\t\t<div class=\"elementor-image-box-wrapper\"><figure class=\"elementor-image-box-img\"><img decoding=\"async\" src=\"https:\/\/demo.inoplugs.com\/wp-content\/uploads\/2025\/03\/bisset40-by-wolfganglehner_H2S4398-scaled-1.jpg\" title=\"\" alt=\"\" loading=\"lazy\" \/><\/figure><div class=\"elementor-image-box-content\"><h4 class=\"elementor-image-box-title\">Stefanie Nie\u00dfl<\/h4><p class=\"elementor-image-box-description\"><ul style=\"margin-left:12px\">\n \t<li>Part of the firm since July 2023<\/li>\n \t<li>Law School JKU Linz<\/li>\n \t<li>Dog mom<\/li>\n<\/ul><\/p><\/div><\/div>\t\t\t\t<\/div>\n\t\t\t\t<\/div>\n\t\t\t\t<div class=\"elementor-element elementor-element-a3e9ab7 elementor-position-top elementor-widget elementor-widget-image-box\" data-id=\"a3e9ab7\" data-element_type=\"widget\" data-widget_type=\"image-box.default\">\n\t\t\t\t<div class=\"elementor-widget-container\">\n\t\t\t\t\t<div class=\"elementor-image-box-wrapper\"><figure class=\"elementor-image-box-img\"><img fetchpriority=\"high\" decoding=\"async\" width=\"294\" height=\"325\" src=\"https:\/\/demo.inoplugs.com\/wp-content\/uploads\/2025\/11\/06-Inspiration.png\" class=\"attachment-full size-full wp-image-6161\" alt=\"\" srcset=\"https:\/\/demo.inoplugs.com\/wp-content\/uploads\/2025\/11\/06-Inspiration.png 294w, https:\/\/demo.inoplugs.com\/wp-content\/uploads\/2025\/11\/06-Inspiration-271x300.png 271w\" sizes=\"(max-width: 294px) 100vw, 294px\" \/><\/figure><div class=\"elementor-image-box-content\"><h4 class=\"elementor-image-box-title\">Coming Soon \ud83d\ude42  <\/h4><p class=\"elementor-image-box-description\"><ul style=\"margin-left:12px\">\n \t<li>TBD<\/li>\n \t<li>TBD<\/li>\n \t<li>TBD<\/li>\n<\/ul><\/p><\/div><\/div>\t\t\t\t<\/div>\n\t\t\t\t<\/div>\n\t\t\t\t<div class=\"elementor-element elementor-element-c82341f elementor-position-top elementor-widget elementor-widget-image-box\" data-id=\"c82341f\" data-element_type=\"widget\" data-widget_type=\"image-box.default\">\n\t\t\t\t<div class=\"elementor-widget-container\">\n\t\t\t\t\t<div class=\"elementor-image-box-wrapper\"><figure class=\"elementor-image-box-img\"><img decoding=\"async\" src=\"https:\/\/demo.inoplugs.com\/wp-content\/uploads\/2025\/03\/bisset-by-wolfganglehner_XH12424-scaled-1.jpg\" title=\"\" alt=\"\" loading=\"lazy\" \/><\/figure><div class=\"elementor-image-box-content\"><h4 class=\"elementor-image-box-title\">Ella<\/h4><p class=\"elementor-image-box-description\"><ul style=\"margin-left:12px\"><li>Princess<\/li><li>Cheerleader<\/li><li>Crumb shredding machine<\/li><\/ul><\/p><\/div><\/div>\t\t\t\t<\/div>\n\t\t\t\t<\/div>\n\t\t\t\t\t<\/div>\n\t\t<\/div>\n\t\t\t\t<div class=\"elementor-column elementor-col-50 elementor-inner-column elementor-element elementor-element-3b31fcc\" data-id=\"3b31fcc\" data-element_type=\"column\">\n\t\t\t<div class=\"elementor-widget-wrap elementor-element-populated\">\n\t\t\t\t\t\t<div class=\"elementor-element elementor-element-09f569f elementor-widget__width-initial elementor-position-top elementor-widget elementor-widget-image-box\" data-id=\"09f569f\" data-element_type=\"widget\" data-widget_type=\"image-box.default\">\n\t\t\t\t<div class=\"elementor-widget-container\">\n\t\t\t\t\t<div class=\"elementor-image-box-wrapper\"><figure class=\"elementor-image-box-img\"><img decoding=\"async\" src=\"https:\/\/demo.inoplugs.com\/wp-content\/uploads\/2025\/03\/DSC_5450-1-scaled-1.jpg\" title=\"\" alt=\"\" loading=\"lazy\" \/><\/figure><div class=\"elementor-image-box-content\"><h4 class=\"elementor-image-box-title\">Alexandra Thurner<\/h4><p class=\"elementor-image-box-description\"><ul style=\"margin-left:12px\"><li>Part of the firm since September 2024<\/li><li>Business law at the Vienna University of Economics and Business<\/li><\/ul><\/p><\/div><\/div>\t\t\t\t<\/div>\n\t\t\t\t<\/div>\n\t\t\t\t<div class=\"elementor-element elementor-element-0a191e7 elementor-position-top elementor-widget elementor-widget-image-box\" data-id=\"0a191e7\" data-element_type=\"widget\" data-widget_type=\"image-box.default\">\n\t\t\t\t<div class=\"elementor-widget-container\">\n\t\t\t\t\t<div class=\"elementor-image-box-wrapper\"><figure class=\"elementor-image-box-img\"><img decoding=\"async\" width=\"1755\" height=\"1159\" src=\"https:\/\/demo.inoplugs.com\/wp-content\/uploads\/2025\/03\/finn.jpg\" class=\"attachment-full size-full wp-image-2017\" alt=\"\" srcset=\"https:\/\/demo.inoplugs.com\/wp-content\/uploads\/2025\/03\/finn.jpg 1755w, https:\/\/demo.inoplugs.com\/wp-content\/uploads\/2025\/03\/finn-300x198.jpg 300w, https:\/\/demo.inoplugs.com\/wp-content\/uploads\/2025\/03\/finn-1024x676.jpg 1024w, https:\/\/demo.inoplugs.com\/wp-content\/uploads\/2025\/03\/finn-768x507.jpg 768w, https:\/\/demo.inoplugs.com\/wp-content\/uploads\/2025\/03\/finn-1536x1014.jpg 1536w\" sizes=\"(max-width: 1755px) 100vw, 1755px\" \/><\/figure><div class=\"elementor-image-box-content\"><h4 class=\"elementor-image-box-title\">Finn (Finist\u00e8re la cl\u00e9 \u00e0 l'amour)<\/h4><p class=\"elementor-image-box-description\"><ul style=\"margin-left:12px\"><li>Well-being officer<\/li><li>Cuddly bear<\/li><li>Head of Security<\/li><\/ul><\/p><\/div><\/div>\t\t\t\t<\/div>\n\t\t\t\t<\/div>\n\t\t\t\t\t<\/div>\n\t\t<\/div>\n\t\t\t\t\t<\/div>\n\t\t<\/section>\n\t\t\t\t\t<\/div>\n\t\t<\/div>\n\t\t\t\t\t<\/div>\n\t\t<\/section>\n\t\t\t\t<\/div>\n\t\t","protected":false},"excerpt":{"rendered":"<p>My team Because success is a team sport. My team Stefanie Nie\u00dfl Part of the firm since July 2023 Law School JKU Linz Dog mom Coming Soon \ud83d\ude42 TBD TBD TBD Ella Princess Cheerleader Crumb shredding machine Alexandra Thurner Part of the firm since September 2024 Business law at the Vienna University of Economics and [&hellip;]<\/p>\n","protected":false},"author":1,"featured_media":0,"parent":6437,"menu_order":0,"comment_status":"closed","ping_status":"closed","template":"","meta":{"site-sidebar-layout":"no-sidebar","site-content-layout":"page-builder","ast-site-content-layout":"full-width-container","site-content-style":"unboxed","site-sidebar-style":"unboxed","ast-global-header-display":"","ast-banner-title-visibility":"","ast-main-header-display":"","ast-hfb-above-header-display":"","ast-hfb-below-header-display":"","ast-hfb-mobile-header-display":"","site-post-title":"disabled","ast-breadcrumbs-content":"disabled","ast-featured-img":"disabled","footer-sml-layout":"","theme-transparent-header-meta":"enabled","adv-header-id-meta":"","stick-header-meta":"","header-above-stick-meta":"","header-main-stick-meta":"","header-below-stick-meta":"","astra-migrate-meta-layouts":"default","ast-page-background-enabled":"default","ast-page-background-meta":{"desktop":{"background-color":"","background-image":"","background-repeat":"repeat","background-position":"center center","background-size":"auto","background-attachment":"scroll","background-type":"","background-media":"","overlay-type":"","overlay-color":"","overlay-opacity":"","overlay-gradient":""},"tablet":{"background-color":"","background-image":"","background-repeat":"repeat","background-position":"center center","background-size":"auto","background-attachment":"scroll","background-type":"","background-media":"","overlay-type":"","overlay-color":"","overlay-opacity":"","overlay-gradient":""},"mobile":{"background-color":"","background-image":"","background-repeat":"repeat","background-position":"center center","background-size":"auto","background-attachment":"scroll","background-type":"","background-media":"","overlay-type":"","overlay-color":"","overlay-opacity":"","overlay-gradient":""}},"ast-content-background-meta":{"desktop":{"background-color":"var(--ast-global-color-5)","background-image":"","background-repeat":"repeat","background-position":"center center","background-size":"auto","background-attachment":"scroll","background-type":"","background-media":"","overlay-type":"","overlay-color":"","overlay-opacity":"","overlay-gradient":""},"tablet":{"background-color":"var(--ast-global-color-5)","background-image":"","background-repeat":"repeat","background-position":"center center","background-size":"auto","background-attachment":"scroll","background-type":"","background-media":"","overlay-type":"","overlay-color":"","overlay-opacity":"","overlay-gradient":""},"mobile":{"background-color":"var(--ast-global-color-5)","background-image":"","background-repeat":"repeat","background-position":"center center","background-size":"auto","background-attachment":"scroll","background-type":"","background-media":"","overlay-type":"","overlay-color":"","overlay-opacity":"","overlay-gradient":""}},"footnotes":""},"class_list":["post-6445","page","type-page","status-publish","hentry"],"yoast_head":"<!-- This site is optimized with the Yoast SEO plugin v26.6 - https:\/\/yoast.com\/wordpress\/plugins\/seo\/ -->\n<title>My team - Katharina Bisset<\/title>\n<meta name=\"robots\" content=\"noindex, follow, max-snippet:-1, max-image-preview:large, max-video-preview:-1\" \/>\n<meta property=\"og:locale\" content=\"en_US\" \/>\n<meta property=\"og:type\" content=\"article\" \/>\n<meta property=\"og:title\" content=\"My team - Katharina Bisset\" \/>\n<meta property=\"og:description\" content=\"My team Because success is a team sport. My team Stefanie Nie\u00dfl Part of the firm since July 2023 Law School JKU Linz Dog mom Coming Soon \ud83d\ude42 TBD TBD TBD Ella Princess Cheerleader Crumb shredding machine Alexandra Thurner Part of the firm since September 2024 Business law at the Vienna University of Economics and [&hellip;]\" \/>\n<meta property=\"og:url\" content=\"https:\/\/demo.inoplugs.com\/en\/law-firm\/my-team\/\" \/>\n<meta property=\"og:site_name\" content=\"Katharina Bisset\" \/>\n<meta property=\"article:modified_time\" content=\"2025-12-26T14:55:14+00:00\" \/>\n<meta property=\"og:image\" content=\"https:\/\/demo.inoplugs.com\/wp-content\/uploads\/2025\/03\/bisset40-by-wolfganglehner_H2S4398-scaled-1.jpg\" \/>\n<meta name=\"twitter:card\" content=\"summary_large_image\" \/>\n<script type=\"application\/ld+json\" class=\"yoast-schema-graph\">{\"@context\":\"https:\/\/schema.org\",\"@graph\":[{\"@type\":\"WebPage\",\"@id\":\"https:\/\/demo.inoplugs.com\/en\/law-firm\/my-team\/\",\"url\":\"https:\/\/demo.inoplugs.com\/en\/law-firm\/my-team\/\",\"name\":\"My team - Katharina Bisset\",\"isPartOf\":{\"@id\":\"https:\/\/demo.inoplugs.com\/en\/#website\"},\"primaryImageOfPage\":{\"@id\":\"https:\/\/demo.inoplugs.com\/en\/law-firm\/my-team\/#primaryimage\"},\"image\":{\"@id\":\"https:\/\/demo.inoplugs.com\/en\/law-firm\/my-team\/#primaryimage\"},\"thumbnailUrl\":\"https:\/\/demo.inoplugs.com\/wp-content\/uploads\/2025\/03\/bisset40-by-wolfganglehner_H2S4398-scaled-1.jpg\",\"datePublished\":\"2025-04-11T06:24:09+00:00\",\"dateModified\":\"2025-12-26T14:55:14+00:00\",\"breadcrumb\":{\"@id\":\"https:\/\/demo.inoplugs.com\/en\/law-firm\/my-team\/#breadcrumb\"},\"inLanguage\":\"en-US\",\"potentialAction\":[{\"@type\":\"ReadAction\",\"target\":[\"https:\/\/demo.inoplugs.com\/en\/law-firm\/my-team\/\"]}]},{\"@type\":\"ImageObject\",\"inLanguage\":\"en-US\",\"@id\":\"https:\/\/demo.inoplugs.com\/en\/law-firm\/my-team\/#primaryimage\",\"url\":\"https:\/\/demo.inoplugs.com\/wp-content\/uploads\/2025\/03\/bisset40-by-wolfganglehner_H2S4398-scaled-1.jpg\",\"contentUrl\":\"https:\/\/demo.inoplugs.com\/wp-content\/uploads\/2025\/03\/bisset40-by-wolfganglehner_H2S4398-scaled-1.jpg\"},{\"@type\":\"BreadcrumbList\",\"@id\":\"https:\/\/demo.inoplugs.com\/en\/law-firm\/my-team\/#breadcrumb\",\"itemListElement\":[{\"@type\":\"ListItem\",\"position\":1,\"name\":\"Home\",\"item\":\"https:\/\/demo.inoplugs.com\/en\/bi%c2%a7et\/\"},{\"@type\":\"ListItem\",\"position\":2,\"name\":\"Law Firm\",\"item\":\"https:\/\/demo.inoplugs.com\/en\/law-firm\/\"},{\"@type\":\"ListItem\",\"position\":3,\"name\":\"My team\"}]},{\"@type\":\"WebSite\",\"@id\":\"https:\/\/demo.inoplugs.com\/en\/#website\",\"url\":\"https:\/\/demo.inoplugs.com\/en\/\",\"name\":\"Katharina Bisset\",\"description\":\"Rechtsanwaltskanzlei\",\"publisher\":{\"@id\":\"https:\/\/demo.inoplugs.com\/en\/#organization\"},\"potentialAction\":[{\"@type\":\"SearchAction\",\"target\":{\"@type\":\"EntryPoint\",\"urlTemplate\":\"https:\/\/demo.inoplugs.com\/en\/?s={search_term_string}\"},\"query-input\":{\"@type\":\"PropertyValueSpecification\",\"valueRequired\":true,\"valueName\":\"search_term_string\"}}],\"inLanguage\":\"en-US\"},{\"@type\":\"Organization\",\"@id\":\"https:\/\/demo.inoplugs.com\/en\/#organization\",\"name\":\"Katharina Bisset\",\"url\":\"https:\/\/demo.inoplugs.com\/en\/\",\"logo\":{\"@type\":\"ImageObject\",\"inLanguage\":\"en-US\",\"@id\":\"https:\/\/demo.inoplugs.com\/en\/#\/schema\/logo\/image\/\",\"url\":\"https:\/\/demo.inoplugs.com\/wp-content\/uploads\/2025\/03\/LT_Logo-Bisset-4C_V2.webp\",\"contentUrl\":\"https:\/\/demo.inoplugs.com\/wp-content\/uploads\/2025\/03\/LT_Logo-Bisset-4C_V2.webp\",\"width\":703,\"height\":289,\"caption\":\"Katharina Bisset\"},\"image\":{\"@id\":\"https:\/\/demo.inoplugs.com\/en\/#\/schema\/logo\/image\/\"}}]}<\/script>\n<!-- \/ Yoast SEO plugin. -->","yoast_head_json":{"title":"My team - Katharina Bisset","robots":{"index":"noindex","follow":"follow","max-snippet":"max-snippet:-1","max-image-preview":"max-image-preview:large","max-video-preview":"max-video-preview:-1"},"og_locale":"en_US","og_type":"article","og_title":"My team - Katharina Bisset","og_description":"My team Because success is a team sport. My team Stefanie Nie\u00dfl Part of the firm since July 2023 Law School JKU Linz Dog mom Coming Soon \ud83d\ude42 TBD TBD TBD Ella Princess Cheerleader Crumb shredding machine Alexandra Thurner Part of the firm since September 2024 Business law at the Vienna University of Economics and [&hellip;]","og_url":"https:\/\/demo.inoplugs.com\/en\/law-firm\/my-team\/","og_site_name":"Katharina Bisset","article_modified_time":"2025-12-26T14:55:14+00:00","og_image":[{"url":"https:\/\/demo.inoplugs.com\/wp-content\/uploads\/2025\/03\/bisset40-by-wolfganglehner_H2S4398-scaled-1.jpg","type":"","width":"","height":""}],"twitter_card":"summary_large_image","schema":{"@context":"https:\/\/schema.org","@graph":[{"@type":"WebPage","@id":"https:\/\/demo.inoplugs.com\/en\/law-firm\/my-team\/","url":"https:\/\/demo.inoplugs.com\/en\/law-firm\/my-team\/","name":"My team - Katharina Bisset","isPartOf":{"@id":"https:\/\/demo.inoplugs.com\/en\/#website"},"primaryImageOfPage":{"@id":"https:\/\/demo.inoplugs.com\/en\/law-firm\/my-team\/#primaryimage"},"image":{"@id":"https:\/\/demo.inoplugs.com\/en\/law-firm\/my-team\/#primaryimage"},"thumbnailUrl":"https:\/\/demo.inoplugs.com\/wp-content\/uploads\/2025\/03\/bisset40-by-wolfganglehner_H2S4398-scaled-1.jpg","datePublished":"2025-04-11T06:24:09+00:00","dateModified":"2025-12-26T14:55:14+00:00","breadcrumb":{"@id":"https:\/\/demo.inoplugs.com\/en\/law-firm\/my-team\/#breadcrumb"},"inLanguage":"en-US","potentialAction":[{"@type":"ReadAction","target":["https:\/\/demo.inoplugs.com\/en\/law-firm\/my-team\/"]}]},{"@type":"ImageObject","inLanguage":"en-US","@id":"https:\/\/demo.inoplugs.com\/en\/law-firm\/my-team\/#primaryimage","url":"https:\/\/demo.inoplugs.com\/wp-content\/uploads\/2025\/03\/bisset40-by-wolfganglehner_H2S4398-scaled-1.jpg","contentUrl":"https:\/\/demo.inoplugs.com\/wp-content\/uploads\/2025\/03\/bisset40-by-wolfganglehner_H2S4398-scaled-1.jpg"},{"@type":"BreadcrumbList","@id":"https:\/\/demo.inoplugs.com\/en\/law-firm\/my-team\/#breadcrumb","itemListElement":[{"@type":"ListItem","position":1,"name":"Home","item":"https:\/\/demo.inoplugs.com\/en\/bi%c2%a7et\/"},{"@type":"ListItem","position":2,"name":"Law Firm","item":"https:\/\/demo.inoplugs.com\/en\/law-firm\/"},{"@type":"ListItem","position":3,"name":"My team"}]},{"@type":"WebSite","@id":"https:\/\/demo.inoplugs.com\/en\/#website","url":"https:\/\/demo.inoplugs.com\/en\/","name":"Katharina Bisset","description":"Rechtsanwaltskanzlei","publisher":{"@id":"https:\/\/demo.inoplugs.com\/en\/#organization"},"potentialAction":[{"@type":"SearchAction","target":{"@type":"EntryPoint","urlTemplate":"https:\/\/demo.inoplugs.com\/en\/?s={search_term_string}"},"query-input":{"@type":"PropertyValueSpecification","valueRequired":true,"valueName":"search_term_string"}}],"inLanguage":"en-US"},{"@type":"Organization","@id":"https:\/\/demo.inoplugs.com\/en\/#organization","name":"Katharina Bisset","url":"https:\/\/demo.inoplugs.com\/en\/","logo":{"@type":"ImageObject","inLanguage":"en-US","@id":"https:\/\/demo.inoplugs.com\/en\/#\/schema\/logo\/image\/","url":"https:\/\/demo.inoplugs.com\/wp-content\/uploads\/2025\/03\/LT_Logo-Bisset-4C_V2.webp","contentUrl":"https:\/\/demo.inoplugs.com\/wp-content\/uploads\/2025\/03\/LT_Logo-Bisset-4C_V2.webp","width":703,"height":289,"caption":"Katharina Bisset"},"image":{"@id":"https:\/\/demo.inoplugs.com\/en\/#\/schema\/logo\/image\/"}}]}},"_links":{"self":[{"href":"https:\/\/demo.inoplugs.com\/en\/wp-json\/wp\/v2\/pages\/6445","targetHints":{"allow":["GET"]}}],"collection":[{"href":"https:\/\/demo.inoplugs.com\/en\/wp-json\/wp\/v2\/pages"}],"about":[{"href":"https:\/\/demo.inoplugs.com\/en\/wp-json\/wp\/v2\/types\/page"}],"author":[{"embeddable":true,"href":"https:\/\/demo.inoplugs.com\/en\/wp-json\/wp\/v2\/users\/1"}],"replies":[{"embeddable":true,"href":"https:\/\/demo.inoplugs.com\/en\/wp-json\/wp\/v2\/comments?post=6445"}],"version-history":[{"count":1,"href":"https:\/\/demo.inoplugs.com\/en\/wp-json\/wp\/v2\/pages\/6445\/revisions"}],"predecessor-version":[{"id":6446,"href":"https:\/\/demo.inoplugs.com\/en\/wp-json\/wp\/v2\/pages\/6445\/revisions\/6446"}],"up":[{"embeddable":true,"href":"https:\/\/demo.inoplugs.com\/en\/wp-json\/wp\/v2\/pages\/6437"}],"wp:attachment":[{"href":"https:\/\/demo.inoplugs.com\/en\/wp-json\/wp\/v2\/media?parent=6445"}],"curies":[{"name":"wp","href":"https:\/\/api.w.org\/{rel}","templated":true}]}}