{"id":6425,"date":"2025-12-26T14:23:28","date_gmt":"2025-12-26T13:23:28","guid":{"rendered":"https:\/\/demo.inoplugs.com\/imprint\/"},"modified":"2025-12-26T15:47:02","modified_gmt":"2025-12-26T14:47:02","slug":"imprint","status":"publish","type":"page","link":"https:\/\/demo.inoplugs.com\/en\/imprint\/","title":{"rendered":"Imprint"},"content":{"rendered":"\t\t<div data-elementor-type=\"wp-page\" data-elementor-id=\"6425\" class=\"elementor elementor-6425 elementor-6371\" data-elementor-post-type=\"page\">\n\t\t\t\t\t\t<section class=\"elementor-section elementor-top-section elementor-element elementor-element-0b510fb elementor-section-height-min-height elementor-section-items-bottom elementor-section-boxed elementor-section-height-default\" data-id=\"0b510fb\" data-element_type=\"section\" data-settings=\"{&quot;background_background&quot;:&quot;classic&quot;}\">\n\t\t\t\t\t\t\t<div class=\"elementor-background-overlay\"><\/div>\n\t\t\t\t\t\t\t<div class=\"elementor-container elementor-column-gap-no\">\n\t\t\t\t\t<div class=\"elementor-column elementor-col-100 elementor-top-column elementor-element elementor-element-04c570e\" data-id=\"04c570e\" data-element_type=\"column\">\n\t\t\t<div class=\"elementor-widget-wrap elementor-element-populated\">\n\t\t\t\t\t\t<div class=\"elementor-element elementor-element-01e210f elementor-widget elementor-widget-heading\" data-id=\"01e210f\" data-element_type=\"widget\" data-widget_type=\"heading.default\">\n\t\t\t\t<div class=\"elementor-widget-container\">\n\t\t\t\t\t<h1 class=\"elementor-heading-title elementor-size-default\">Imprint<\/h1>\t\t\t\t<\/div>\n\t\t\t\t<\/div>\n\t\t\t\t\t<\/div>\n\t\t<\/div>\n\t\t\t\t\t<\/div>\n\t\t<\/section>\n\t\t\t\t<section class=\"elementor-section elementor-top-section elementor-element elementor-element-655hxhk elementor-section-content-middle elementor-section-boxed elementor-section-height-default elementor-section-height-default\" data-id=\"655hxhk\" data-element_type=\"section\" data-settings=\"{&quot;background_background&quot;:&quot;classic&quot;}\">\n\t\t\t\t\t\t\t<div class=\"elementor-background-overlay\"><\/div>\n\t\t\t\t\t\t\t<div class=\"elementor-container elementor-column-gap-no\">\n\t\t\t\t\t<div class=\"elementor-column elementor-col-100 elementor-top-column elementor-element elementor-element-8db0b4f\" data-id=\"8db0b4f\" data-element_type=\"column\">\n\t\t\t<div class=\"elementor-widget-wrap elementor-element-populated\">\n\t\t\t\t\t\t<div class=\"elementor-element elementor-element-7de9021 elementor-widget elementor-widget-text-editor\" data-id=\"7de9021\" data-element_type=\"widget\" data-widget_type=\"text-editor.default\">\n\t\t\t\t<div class=\"elementor-widget-container\">\n\t\t\t\t\t\t\t\t\t<div class=\"et_pb_text_inner\"><p>BI\u00a7ET<br>Mag. Katharina Bisset, MSc, attorney-at-law<br>Hauptstrasse 38<br>2452 Mannersdorf am Leithagebirge<\/p><p>what3words-address: savvier.giggle.safety<\/p><p>Phone: +43 660 470 8771<br>E-Mail: <a href=\"mailto:office@bisset.at\">office@bisset.at<br><\/a>Web: <a href=\"http:\/\/www.bisset.at\">www.bisset.at<\/a><\/p><p>Bank Account: AT57 2011 1820 6747 4206<br>Escrow Account: AT30 2011 1820 6747 4207<br>BIC: GIBAATWWXXX<\/p><p>VAT ID: ATU75348401<br>Courts: BG Bruck\/Leitha und LG Korneuburg<\/p><p>Instagram <a href=\"https:\/\/www.instagram.com\/lawyerkbisset\/\">https:\/\/www.instagram.com\/lawyerkbisset\/<\/a><br>LinkedIn <a href=\"https:\/\/www.linkedin.com\/in\/katharina-bisset-b5771143\/\">https:\/\/www.linkedin.com\/in\/katharina-bisset-b5771143\/<\/a><\/p><p>Nerds of Law <a href=\"https:\/\/www.nerdsoflaw.com\">https:\/\/www.nerdsoflaw.com<\/a><br>NetzBeweis <a href=\"https:\/\/www.netzbeweis.com\">https:\/\/www.netzbeweis.com<\/a><\/p><p>Applicable regulations \/ professional law (excerpt):<\/p><ul><li>Rechtsanwaltsordnung (RAO)<\/li><li>Disziplinarstatut f\u00fcr Rechtsanw\u00e4lte und Rechtsanwaltsanw\u00e4rter (DSt)<\/li><li>Richtlinien f\u00fcr die Aus\u00fcbung des Rechtsanwaltsberufes und f\u00fcr die \u00dcberwachung der Pflichten des Rechtsanwaltes und des Rechtsanwaltsanw\u00e4rters (RL-BA)<\/li><li>Richtlinie f\u00fcr die Ausbildung von Rechtsanwaltsanw\u00e4rtern (RL-RAA)<\/li><li>Rechtsanwaltspr\u00fcfungsgesetz (RAPG)<\/li><li>Rechtsanwaltstarifgesetz (RATG)<\/li><li>Allgemeine Honorar-Kriterien (AHK)<\/li><li>Gesch\u00e4ftsordnung des \u00d6sterreichischen Rechtsanwaltskammertags (Geo-\u00d6RAK)<\/li><\/ul><p>Access to the applicable regulations:<br>Rechtsinformationssystem (<a href=\"http:\/\/www.ris.bka.gv.at\">www.ris.bka.gv.at<\/a>), \u00d6RAK (<a href=\"http:\/\/rechtsanwaelte.at\">rechtsanwaelte.at<\/a>)<\/p><p>Job title: Attorney-at-law<\/p><p>Objective of the business: Practice of law \/ law firm<\/p><p>Basic orientation of the medium: Presentation of the law firm Mag. Katharina Bisset, MSc and information on legal topics.<\/p><p>Competent chamber\/professional association:<br>Rechtsanwaltskammer Nieder\u00f6sterreich<br>Andreas-Hofer-Stra\u00dfe 6<br>3100 St. P\u00f6lten<br>Phone: +43 (0) 2742 71 6 50 0<br>Fax: +43 (0) 2742 76 5 88<br>E-Mail: <a href=\"mailto:office@raknoe.at\">office@raknoe.at<br><\/a>Website: <a href=\"http:\/\/www.raknoe.at\">www.raknoe.at<\/a><\/p><p>Pictures: <a href=\"https:\/\/www.wolfganglehner.at\">wolfganglehner.at, <\/a><a href=\"http:\/\/christinalanzinger.com\">christinalanzinger.com<\/a><a href=\"https:\/\/www.wolfganglehner.at\"> <\/a><br>Other sources will be indicated with the relevant pictures.<\/p><p>The contents of this website have been compiled with the utmost care and in compliance with the rights (e.g. copyright) of third parties. Although this website is regularly checked for accuracy, completeness and correctness, this cannot be guaranteed. I therefore ask that you contact me directly if anything is unclear.<\/p><p>Liability for the content of this website and, in particular, the links provided is only assumed within the scope of Art. 4 et seq DSA. The links are also set and checked with the utmost care. Nevertheless, I cannot guarantee that the linked page will not change without our knowledge and intervention.<\/p><p>At the time of linking, these links appeared to be legally compliant. Should I be made aware of a legal problem, the link in question will be removed immediately.<\/p><p>The contents on this website were either created by myself or I have the exploitation rights to the contents. Use of the content (in particular also images on the website) without my express consent is not permitted.<\/p><p>The website is subject to Austrian law. The place of jurisdiction is the competent court in 2460 Bruck an der Leitha, Lower Austria.<\/p><p>Katharina Bisset, attorney-at-law, focuses her activities on Austria.<\/p><\/div>\t\t\t\t\t\t\t\t<\/div>\n\t\t\t\t<\/div>\n\t\t\t\t\t<\/div>\n\t\t<\/div>\n\t\t\t\t\t<\/div>\n\t\t<\/section>\n\t\t\t\t<\/div>\n\t\t","protected":false},"excerpt":{"rendered":"<p>Imprint BI\u00a7ETMag. Katharina Bisset, MSc, attorney-at-lawHauptstrasse 382452 Mannersdorf am Leithagebirge what3words-address: savvier.giggle.safety Phone: +43 660 470 8771E-Mail: office@bisset.atWeb: www.bisset.at Bank Account: AT57 2011 1820 6747 4206Escrow Account: AT30 2011 1820 6747 4207BIC: GIBAATWWXXX VAT ID: ATU75348401Courts: BG Bruck\/Leitha und LG Korneuburg Instagram https:\/\/www.instagram.com\/lawyerkbisset\/LinkedIn https:\/\/www.linkedin.com\/in\/katharina-bisset-b5771143\/ Nerds of Law https:\/\/www.nerdsoflaw.comNetzBeweis https:\/\/www.netzbeweis.com Applicable regulations \/ professional law (excerpt): [&hellip;]<\/p>\n","protected":false},"author":1,"featured_media":0,"parent":0,"menu_order":0,"comment_status":"closed","ping_status":"closed","template":"","meta":{"site-sidebar-layout":"no-sidebar","site-content-layout":"page-builder","ast-site-content-layout":"full-width-container","site-content-style":"unboxed","site-sidebar-style":"unboxed","ast-global-header-display":"","ast-banner-title-visibility":"","ast-main-header-display":"","ast-hfb-above-header-display":"","ast-hfb-below-header-display":"","ast-hfb-mobile-header-display":"","site-post-title":"disabled","ast-breadcrumbs-content":"disabled","ast-featured-img":"disabled","footer-sml-layout":"","theme-transparent-header-meta":"enabled","adv-header-id-meta":"","stick-header-meta":"","header-above-stick-meta":"","header-main-stick-meta":"","header-below-stick-meta":"","astra-migrate-meta-layouts":"default","ast-page-background-enabled":"default","ast-page-background-meta":{"desktop":{"background-color":"","background-image":"","background-repeat":"repeat","background-position":"center center","background-size":"auto","background-attachment":"scroll","background-type":"","background-media":"","overlay-type":"","overlay-color":"","overlay-opacity":"","overlay-gradient":""},"tablet":{"background-color":"","background-image":"","background-repeat":"repeat","background-position":"center center","background-size":"auto","background-attachment":"scroll","background-type":"","background-media":"","overlay-type":"","overlay-color":"","overlay-opacity":"","overlay-gradient":""},"mobile":{"background-color":"","background-image":"","background-repeat":"repeat","background-position":"center center","background-size":"auto","background-attachment":"scroll","background-type":"","background-media":"","overlay-type":"","overlay-color":"","overlay-opacity":"","overlay-gradient":""}},"ast-content-background-meta":{"desktop":{"background-color":"var(--ast-global-color-5)","background-image":"","background-repeat":"repeat","background-position":"center center","background-size":"auto","background-attachment":"scroll","background-type":"","background-media":"","overlay-type":"","overlay-color":"","overlay-opacity":"","overlay-gradient":""},"tablet":{"background-color":"var(--ast-global-color-5)","background-image":"","background-repeat":"repeat","background-position":"center center","background-size":"auto","background-attachment":"scroll","background-type":"","background-media":"","overlay-type":"","overlay-color":"","overlay-opacity":"","overlay-gradient":""},"mobile":{"background-color":"var(--ast-global-color-5)","background-image":"","background-repeat":"repeat","background-position":"center center","background-size":"auto","background-attachment":"scroll","background-type":"","background-media":"","overlay-type":"","overlay-color":"","overlay-opacity":"","overlay-gradient":""}},"footnotes":""},"class_list":["post-6425","page","type-page","status-publish","hentry"],"yoast_head":"<!-- This site is optimized with the Yoast SEO plugin v26.6 - https:\/\/yoast.com\/wordpress\/plugins\/seo\/ -->\n<title>Imprint - Katharina Bisset<\/title>\n<meta name=\"robots\" content=\"noindex, follow, max-snippet:-1, max-image-preview:large, max-video-preview:-1\" \/>\n<meta property=\"og:locale\" content=\"en_US\" \/>\n<meta property=\"og:type\" content=\"article\" \/>\n<meta property=\"og:title\" content=\"Imprint - Katharina Bisset\" \/>\n<meta property=\"og:description\" content=\"Imprint BI\u00a7ETMag. Katharina Bisset, MSc, attorney-at-lawHauptstrasse 382452 Mannersdorf am Leithagebirge what3words-address: savvier.giggle.safety Phone: +43 660 470 8771E-Mail: office@bisset.atWeb: www.bisset.at Bank Account: AT57 2011 1820 6747 4206Escrow Account: AT30 2011 1820 6747 4207BIC: GIBAATWWXXX VAT ID: ATU75348401Courts: BG Bruck\/Leitha und LG Korneuburg Instagram https:\/\/www.instagram.com\/lawyerkbisset\/LinkedIn https:\/\/www.linkedin.com\/in\/katharina-bisset-b5771143\/ Nerds of Law https:\/\/www.nerdsoflaw.comNetzBeweis https:\/\/www.netzbeweis.com Applicable regulations \/ professional law (excerpt): [&hellip;]\" \/>\n<meta property=\"og:url\" content=\"https:\/\/demo.inoplugs.com\/en\/imprint\/\" \/>\n<meta property=\"og:site_name\" content=\"Katharina Bisset\" \/>\n<meta property=\"article:modified_time\" content=\"2025-12-26T14:47:02+00:00\" \/>\n<meta name=\"twitter:card\" content=\"summary_large_image\" \/>\n<meta name=\"twitter:label1\" content=\"Est. reading time\" \/>\n\t<meta name=\"twitter:data1\" content=\"2 minutes\" \/>\n<script type=\"application\/ld+json\" class=\"yoast-schema-graph\">{\"@context\":\"https:\/\/schema.org\",\"@graph\":[{\"@type\":\"WebPage\",\"@id\":\"https:\/\/demo.inoplugs.com\/en\/imprint\/\",\"url\":\"https:\/\/demo.inoplugs.com\/en\/imprint\/\",\"name\":\"Imprint - Katharina Bisset\",\"isPartOf\":{\"@id\":\"https:\/\/demo.inoplugs.com\/en\/#website\"},\"datePublished\":\"2025-12-26T13:23:28+00:00\",\"dateModified\":\"2025-12-26T14:47:02+00:00\",\"breadcrumb\":{\"@id\":\"https:\/\/demo.inoplugs.com\/en\/imprint\/#breadcrumb\"},\"inLanguage\":\"en-US\",\"potentialAction\":[{\"@type\":\"ReadAction\",\"target\":[\"https:\/\/demo.inoplugs.com\/en\/imprint\/\"]}]},{\"@type\":\"BreadcrumbList\",\"@id\":\"https:\/\/demo.inoplugs.com\/en\/imprint\/#breadcrumb\",\"itemListElement\":[{\"@type\":\"ListItem\",\"position\":1,\"name\":\"Home\",\"item\":\"https:\/\/demo.inoplugs.com\/en\/bi%c2%a7et\/\"},{\"@type\":\"ListItem\",\"position\":2,\"name\":\"Imprint\"}]},{\"@type\":\"WebSite\",\"@id\":\"https:\/\/demo.inoplugs.com\/en\/#website\",\"url\":\"https:\/\/demo.inoplugs.com\/en\/\",\"name\":\"Katharina Bisset\",\"description\":\"Rechtsanwaltskanzlei\",\"publisher\":{\"@id\":\"https:\/\/demo.inoplugs.com\/en\/#organization\"},\"potentialAction\":[{\"@type\":\"SearchAction\",\"target\":{\"@type\":\"EntryPoint\",\"urlTemplate\":\"https:\/\/demo.inoplugs.com\/en\/?s={search_term_string}\"},\"query-input\":{\"@type\":\"PropertyValueSpecification\",\"valueRequired\":true,\"valueName\":\"search_term_string\"}}],\"inLanguage\":\"en-US\"},{\"@type\":\"Organization\",\"@id\":\"https:\/\/demo.inoplugs.com\/en\/#organization\",\"name\":\"Katharina Bisset\",\"url\":\"https:\/\/demo.inoplugs.com\/en\/\",\"logo\":{\"@type\":\"ImageObject\",\"inLanguage\":\"en-US\",\"@id\":\"https:\/\/demo.inoplugs.com\/en\/#\/schema\/logo\/image\/\",\"url\":\"https:\/\/demo.inoplugs.com\/wp-content\/uploads\/2025\/03\/LT_Logo-Bisset-4C_V2.webp\",\"contentUrl\":\"https:\/\/demo.inoplugs.com\/wp-content\/uploads\/2025\/03\/LT_Logo-Bisset-4C_V2.webp\",\"width\":703,\"height\":289,\"caption\":\"Katharina Bisset\"},\"image\":{\"@id\":\"https:\/\/demo.inoplugs.com\/en\/#\/schema\/logo\/image\/\"}}]}<\/script>\n<!-- \/ Yoast SEO plugin. -->","yoast_head_json":{"title":"Imprint - Katharina Bisset","robots":{"index":"noindex","follow":"follow","max-snippet":"max-snippet:-1","max-image-preview":"max-image-preview:large","max-video-preview":"max-video-preview:-1"},"og_locale":"en_US","og_type":"article","og_title":"Imprint - Katharina Bisset","og_description":"Imprint BI\u00a7ETMag. Katharina Bisset, MSc, attorney-at-lawHauptstrasse 382452 Mannersdorf am Leithagebirge what3words-address: savvier.giggle.safety Phone: +43 660 470 8771E-Mail: office@bisset.atWeb: www.bisset.at Bank Account: AT57 2011 1820 6747 4206Escrow Account: AT30 2011 1820 6747 4207BIC: GIBAATWWXXX VAT ID: ATU75348401Courts: BG Bruck\/Leitha und LG Korneuburg Instagram https:\/\/www.instagram.com\/lawyerkbisset\/LinkedIn https:\/\/www.linkedin.com\/in\/katharina-bisset-b5771143\/ Nerds of Law https:\/\/www.nerdsoflaw.comNetzBeweis https:\/\/www.netzbeweis.com Applicable regulations \/ professional law (excerpt): [&hellip;]","og_url":"https:\/\/demo.inoplugs.com\/en\/imprint\/","og_site_name":"Katharina Bisset","article_modified_time":"2025-12-26T14:47:02+00:00","twitter_card":"summary_large_image","twitter_misc":{"Est. reading time":"2 minutes"},"schema":{"@context":"https:\/\/schema.org","@graph":[{"@type":"WebPage","@id":"https:\/\/demo.inoplugs.com\/en\/imprint\/","url":"https:\/\/demo.inoplugs.com\/en\/imprint\/","name":"Imprint - Katharina Bisset","isPartOf":{"@id":"https:\/\/demo.inoplugs.com\/en\/#website"},"datePublished":"2025-12-26T13:23:28+00:00","dateModified":"2025-12-26T14:47:02+00:00","breadcrumb":{"@id":"https:\/\/demo.inoplugs.com\/en\/imprint\/#breadcrumb"},"inLanguage":"en-US","potentialAction":[{"@type":"ReadAction","target":["https:\/\/demo.inoplugs.com\/en\/imprint\/"]}]},{"@type":"BreadcrumbList","@id":"https:\/\/demo.inoplugs.com\/en\/imprint\/#breadcrumb","itemListElement":[{"@type":"ListItem","position":1,"name":"Home","item":"https:\/\/demo.inoplugs.com\/en\/bi%c2%a7et\/"},{"@type":"ListItem","position":2,"name":"Imprint"}]},{"@type":"WebSite","@id":"https:\/\/demo.inoplugs.com\/en\/#website","url":"https:\/\/demo.inoplugs.com\/en\/","name":"Katharina Bisset","description":"Rechtsanwaltskanzlei","publisher":{"@id":"https:\/\/demo.inoplugs.com\/en\/#organization"},"potentialAction":[{"@type":"SearchAction","target":{"@type":"EntryPoint","urlTemplate":"https:\/\/demo.inoplugs.com\/en\/?s={search_term_string}"},"query-input":{"@type":"PropertyValueSpecification","valueRequired":true,"valueName":"search_term_string"}}],"inLanguage":"en-US"},{"@type":"Organization","@id":"https:\/\/demo.inoplugs.com\/en\/#organization","name":"Katharina Bisset","url":"https:\/\/demo.inoplugs.com\/en\/","logo":{"@type":"ImageObject","inLanguage":"en-US","@id":"https:\/\/demo.inoplugs.com\/en\/#\/schema\/logo\/image\/","url":"https:\/\/demo.inoplugs.com\/wp-content\/uploads\/2025\/03\/LT_Logo-Bisset-4C_V2.webp","contentUrl":"https:\/\/demo.inoplugs.com\/wp-content\/uploads\/2025\/03\/LT_Logo-Bisset-4C_V2.webp","width":703,"height":289,"caption":"Katharina Bisset"},"image":{"@id":"https:\/\/demo.inoplugs.com\/en\/#\/schema\/logo\/image\/"}}]}},"_links":{"self":[{"href":"https:\/\/demo.inoplugs.com\/en\/wp-json\/wp\/v2\/pages\/6425","targetHints":{"allow":["GET"]}}],"collection":[{"href":"https:\/\/demo.inoplugs.com\/en\/wp-json\/wp\/v2\/pages"}],"about":[{"href":"https:\/\/demo.inoplugs.com\/en\/wp-json\/wp\/v2\/types\/page"}],"author":[{"embeddable":true,"href":"https:\/\/demo.inoplugs.com\/en\/wp-json\/wp\/v2\/users\/1"}],"replies":[{"embeddable":true,"href":"https:\/\/demo.inoplugs.com\/en\/wp-json\/wp\/v2\/comments?post=6425"}],"version-history":[{"count":2,"href":"https:\/\/demo.inoplugs.com\/en\/wp-json\/wp\/v2\/pages\/6425\/revisions"}],"predecessor-version":[{"id":6430,"href":"https:\/\/demo.inoplugs.com\/en\/wp-json\/wp\/v2\/pages\/6425\/revisions\/6430"}],"wp:attachment":[{"href":"https:\/\/demo.inoplugs.com\/en\/wp-json\/wp\/v2\/media?parent=6425"}],"curies":[{"name":"wp","href":"https:\/\/api.w.org\/{rel}","templated":true}]}}